{"id":52,"date":"2025-01-21T04:50:20","date_gmt":"2025-01-21T04:50:20","guid":{"rendered":"https:\/\/saasify.themejunction.net\/?page_id=52"},"modified":"2026-03-03T17:24:52","modified_gmt":"2026-03-03T16:24:52","slug":"kontakt","status":"publish","type":"page","link":"https:\/\/revodocs.de\/en\/kontakt\/","title":{"rendered":"contact"},"content":{"rendered":"<div data-elementor-type=\"wp-page\" data-elementor-id=\"52\" class=\"elementor elementor-52\" data-elementor-post-type=\"page\">\n\t\t\t\t<div class=\"elementor-element elementor-element-495e053 e-con-full e-flex e-con e-parent\" data-id=\"495e053\" data-element_type=\"container\" data-e-type=\"container\">\n\t\t<div class=\"elementor-element elementor-element-b30d985 e-con-full e-flex e-con e-child\" data-id=\"b30d985\" data-element_type=\"container\" data-e-type=\"container\" data-settings=\"{&quot;background_background&quot;:&quot;classic&quot;}\">\n\t\t\t\t<div class=\"elementor-element elementor-element-5e68374 elementor-widget elementor-widget-tj-hero-banner\" data-id=\"5e68374\" data-element_type=\"widget\" data-e-type=\"widget\" data-widget_type=\"tj-hero-banner.default\">\n\t\t\t\t<div class=\"elementor-widget-container\">\n\t\t\t\t\t\n<section class=\"tj-hero-section\">\n      <div class=\"tj-circle-box\">\n      <span class=\"circle-1\"><\/span>\n      <span class=\"circle-2\"><\/span>\n      <span class=\"circle-3\"><\/span>\n      <span class=\"circle-4\"><\/span>\n      <span class=\"circle-5\"><\/span>\n      <span class=\"circle-6\"><\/span>\n      <span class=\"circle-7\"><\/span>\n      <span class=\"circle-8\"><\/span>\n    <\/div>\n  \n  <div class=\"container\">\n    <div class=\"row\">\n      <div class=\"col-12\">\n        <div class=\"hero-content-area\">\n          <div class=\"tj-sec-heading text-center\">\n            <!-- subtitle -->\n                          <span class=\"sub-title\">\n                contact              <\/span>\n            \n            <!-- title -->\n            <h1 data-delay=\"\" class=\"title tj-line-3d\">Direct line to revodocs<\/h1>\n            <!-- desc -->\n                          <p data-wow-delay=\"0.5s\" class=\"desc wow fadeInUp\">\n                Do you have questions, need advice, or want to report a technical problem? We&#039;re happy to help! You can easily submit your request via the contact form \u2013 whether it&#039;s an inquiry, information request, or error message. Simply select the relevant section and describe your issue. Our team will address it as quickly as possible and get back to you. We look forward to hearing from you!              <\/p>\n                      <\/div>\n        <\/div>\n\n        <!-- banner image -->\n              <\/div>\n    <\/div>\n  <\/div>\n<\/section>\t\t\t\t<\/div>\n\t\t\t\t<\/div>\n\t\t\t\t<\/div>\n\t\t\t\t<\/div>\n\t\t<div class=\"elementor-element elementor-element-dbe75ef e-flex e-con-boxed e-con e-parent\" data-id=\"dbe75ef\" data-element_type=\"container\" data-e-type=\"container\">\n\t\t\t\t\t<div class=\"e-con-inner\">\n\t\t<div class=\"elementor-element elementor-element-d3a5e36 e-con-full elementor-hidden-mobile e-flex e-con e-child\" data-id=\"d3a5e36\" data-element_type=\"container\" data-e-type=\"container\">\n\t\t\t\t<div class=\"elementor-element elementor-element-e475d46 elementor-widget elementor-widget-image\" data-id=\"e475d46\" data-element_type=\"widget\" data-e-type=\"widget\" data-widget_type=\"image.default\">\n\t\t\t\t\t\t\t\t\t\t\t\t\t\t\t<img fetchpriority=\"high\" decoding=\"async\" width=\"1000\" height=\"837\" src=\"https:\/\/revodocs.de\/wp-content\/uploads\/2025\/11\/Screenshot-2025-08-20-130200.png\" class=\"attachment-large size-large wp-image-2666\" alt=\"Illustration zur Kontaktaufnahme mit dem revodocs Support per E-Mail\" \/>\t\t\t\t\t\t\t\t\t\t\t\t\t\t\t<\/div>\n\t\t\t\t<\/div>\n\t\t<div class=\"elementor-element elementor-element-283bc84 e-con-full e-flex e-con e-child\" data-id=\"283bc84\" data-element_type=\"container\" data-e-type=\"container\">\n\t\t<div class=\"elementor-element elementor-element-43f3557 e-flex e-con-boxed e-con e-child\" data-id=\"43f3557\" data-element_type=\"container\" data-e-type=\"container\">\n\t\t\t\t\t<div class=\"e-con-inner\">\n\t\t\t\t<div class=\"elementor-element elementor-element-bfb6a75 tj_section_align elementor-align-center elementor-widget elementor-widget-tj-section-title\" data-id=\"bfb6a75\" data-element_type=\"widget\" data-e-type=\"widget\" data-widget_type=\"tj-section-title.default\">\n\t\t\t\t<div class=\"elementor-widget-container\">\n\t\t\t\t\t\n<div class=\"tj-sec-heading\">\n\n      <span class=\"sub-title\">\n      make contact    <\/span>\n  \n  <h3 class=\"title\">Write us a message<\/h3><\/div>\n\n\t\t\t\t<\/div>\n\t\t\t\t<\/div>\n\t\t\t\t\t<\/div>\n\t\t\t\t<\/div>\n\t\t<div class=\"elementor-element elementor-element-e068011 e-con-full e-flex e-con e-child\" data-id=\"e068011\" data-element_type=\"container\" data-e-type=\"container\">\n\t\t\t\t<div class=\"elementor-element elementor-element-75b99b3 elementor-widget elementor-widget-spacer\" data-id=\"75b99b3\" data-element_type=\"widget\" data-e-type=\"widget\" data-widget_type=\"spacer.default\">\n\t\t\t\t\t\t\t<div class=\"elementor-spacer\">\n\t\t\t<div class=\"elementor-spacer-inner\"><\/div>\n\t\t<\/div>\n\t\t\t\t\t\t<\/div>\n\t\t\t\t<div class=\"elementor-element elementor-element-a6242ea elementor-widget elementor-widget-tj-text\" data-id=\"a6242ea\" data-element_type=\"widget\" data-e-type=\"widget\" data-widget_type=\"tj-text.default\">\n\t\t\t\t<div class=\"elementor-widget-container\">\n\t\t\t\t\t      <div class=\"editor_text wow fadeInUp\" data-wow-delay=\"0.5s\"><p><strong>Do you have any questions about our products or services?<\/strong><\/p><p><strong>Write us a message!<\/strong><\/p><\/div>\n\t\t\t\t<\/div>\n\t\t\t\t<\/div>\n\t\t\t\t<div class=\"elementor-element elementor-element-ef758de elementor-widget elementor-widget-tj-text\" data-id=\"ef758de\" data-element_type=\"widget\" data-e-type=\"widget\" data-widget_type=\"tj-text.default\">\n\t\t\t\t<div class=\"elementor-widget-container\">\n\t\t\t\t\t      <div class=\"editor_text wow fadeInUp\" data-wow-delay=\"0.5s\"><p>We will contact you as soon as possible after receiving your message.<\/p><\/div>\n\t\t\t\t<\/div>\n\t\t\t\t<\/div>\n\t\t\t\t<div class=\"elementor-element elementor-element-bbb3f79 elementor-widget elementor-widget-tj-text\" data-id=\"bbb3f79\" data-element_type=\"widget\" data-e-type=\"widget\" data-widget_type=\"tj-text.default\">\n\t\t\t\t<div class=\"elementor-widget-container\">\n\t\t\t\t\t      <div class=\"editor_text wow fadeInUp\" data-wow-delay=\"0.5s\"><p><strong>info@revodocs.de<\/strong><\/p><\/div>\n\t\t\t\t<\/div>\n\t\t\t\t<\/div>\n\t\t\t\t<\/div>\n\t\t\t\t<\/div>\n\t\t\t\t\t<\/div>\n\t\t\t\t<\/div>\n\t\t<div class=\"elementor-element elementor-element-41b1731 e-flex e-con-boxed e-con e-child\" data-id=\"41b1731\" data-element_type=\"container\" data-e-type=\"container\">\n\t\t\t\t\t<div class=\"e-con-inner\">\n\t\t\t\t<div class=\"elementor-element elementor-element-8d6efa2 elementor-absolute elementor-hidden-mobile elementor-widget elementor-widget-image\" data-id=\"8d6efa2\" data-element_type=\"widget\" data-e-type=\"widget\" data-settings=\"{&quot;_position&quot;:&quot;absolute&quot;}\" data-widget_type=\"image.default\">\n\t\t\t\t\t\t\t\t\t\t\t\t\t\t\t<img decoding=\"async\" width=\"32\" height=\"30\" src=\"https:\/\/revodocs.de\/wp-content\/uploads\/2025\/04\/star-2.png\" class=\"attachment-full size-full wp-image-1495\" alt=\"\" \/>\t\t\t\t\t\t\t\t\t\t\t\t\t\t\t<\/div>\n\t\t\t\t<div class=\"elementor-element elementor-element-47ac531 elementor-absolute elementor-hidden-mobile elementor-widget elementor-widget-image\" data-id=\"47ac531\" data-element_type=\"widget\" data-e-type=\"widget\" data-settings=\"{&quot;_position&quot;:&quot;absolute&quot;}\" data-widget_type=\"image.default\">\n\t\t\t\t\t\t\t\t\t\t\t\t\t\t\t<img decoding=\"async\" width=\"34\" height=\"29\" src=\"https:\/\/revodocs.de\/wp-content\/uploads\/2025\/04\/star-1.png\" class=\"attachment-full size-full wp-image-1496\" alt=\"\" \/>\t\t\t\t\t\t\t\t\t\t\t\t\t\t\t<\/div>\n\t\t<div class=\"elementor-element elementor-element-01bb5ae e-flex e-con-boxed e-con e-child\" data-id=\"01bb5ae\" data-element_type=\"container\" data-e-type=\"container\">\n\t\t\t\t\t<div class=\"e-con-inner\">\n\t\t\t\t<div class=\"elementor-element elementor-element-5eefd6c elementor-widget elementor-widget-tj-form\" data-id=\"5eefd6c\" data-element_type=\"widget\" data-e-type=\"widget\" data-widget_type=\"tj-form.default\">\n\t\t\t\t<div class=\"elementor-widget-container\">\n\t\t\t\t\t\n<div data-wow-delay=\"0.5s\" class=\"tj-contact-box wow fadeInUp\">\n  <div class=\"contact_box_inner\">\n          \n<div class=\"wpcf7 no-js\" id=\"wpcf7-f2443-o1\" lang=\"de-DE\" dir=\"ltr\" data-wpcf7-id=\"2443\">\n<div class=\"screen-reader-response\"><p role=\"status\" aria-live=\"polite\" aria-atomic=\"true\"><\/p> <ul><\/ul><\/div>\n<form action=\"\/en\/wp-json\/wp\/v2\/pages\/52#wpcf7-f2443-o1\" method=\"post\" class=\"wpcf7-form init\" aria-label=\"Contact form\" novalidate=\"novalidate\" data-status=\"init\" data-trp-original-action=\"\/en\/wp-json\/wp\/v2\/pages\/52#wpcf7-f2443-o1\">\n<fieldset class=\"hidden-fields-container\"><input type=\"hidden\" name=\"_wpcf7\" value=\"2443\" \/><input type=\"hidden\" name=\"_wpcf7_version\" value=\"6.1.5\" \/><input type=\"hidden\" name=\"_wpcf7_locale\" value=\"de_DE_formal\" \/><input type=\"hidden\" name=\"_wpcf7_unit_tag\" value=\"wpcf7-f2443-o1\" \/><input type=\"hidden\" name=\"_wpcf7_container_post\" value=\"0\" \/><input type=\"hidden\" name=\"_wpcf7_posted_data_hash\" value=\"\" \/>\n<\/fieldset>\n<div class=\"form-input\">\n  <i class=\"tji-user\"><\/i>\n  <span class=\"wpcf7-form-control-wrap\" data-name=\"fname\"><input size=\"40\" maxlength=\"400\" class=\"wpcf7-form-control wpcf7-text wpcf7-validates-as-required fname\" aria-required=\"true\" aria-invalid=\"false\" placeholder=\"name\" value=\"\" type=\"text\" name=\"fname\" \/><\/span>\n<\/div>\n\n<div class=\"form-input\">\n  <i class=\"tji-telephone\"><\/i>\n  <span class=\"wpcf7-form-control-wrap\" data-name=\"phone\"><input size=\"40\" maxlength=\"400\" class=\"wpcf7-form-control wpcf7-tel wpcf7-validates-as-required wpcf7-text wpcf7-validates-as-tel phone\" aria-required=\"true\" aria-invalid=\"false\" placeholder=\"Telephone number\" value=\"\" type=\"tel\" name=\"phone\" \/><\/span>\n<\/div>\n\n<div class=\"form-input\">\n  <i class=\"tji-mail\"><\/i>\n  <span class=\"wpcf7-form-control-wrap\" data-name=\"email\"><input size=\"40\" maxlength=\"400\" class=\"wpcf7-form-control wpcf7-email wpcf7-validates-as-required wpcf7-text wpcf7-validates-as-email email\" aria-required=\"true\" aria-invalid=\"false\" placeholder=\"E-mail address\" value=\"\" type=\"email\" name=\"email\" \/><\/span>\n<\/div>\n\n<div class=\"form-input\">\n  <label>Please select your request:<\/label><br>\n <span class=\"wpcf7-form-control-wrap\" data-name=\"subject\"><span class=\"wpcf7-form-control wpcf7-checkbox wpcf7-validates-as-required subject-inline\"><span class=\"wpcf7-list-item first\"><label><span class=\"wpcf7-list-item-label\">information<\/span><input type=\"checkbox\" name=\"subject[]\" value=\"Information\" \/><\/label><\/span><span class=\"wpcf7-list-item\"><label><span class=\"wpcf7-list-item-label\">Inquiry<\/span><input type=\"checkbox\" name=\"subject[]\" value=\"Anfrage\" \/><\/label><\/span><span class=\"wpcf7-list-item\"><label><span class=\"wpcf7-list-item-label\">Error message<\/span><input type=\"checkbox\" name=\"subject[]\" value=\"Fehlermeldung\" \/><\/label><\/span><span class=\"wpcf7-list-item last\"><label><span class=\"wpcf7-list-item-label\">Miscellaneous<\/span><input type=\"checkbox\" name=\"subject[]\" value=\"Sonstiges\" \/><\/label><\/span><\/span><\/span>\n\n<\/div>\n\n\n<div class=\"form-input\">\n  <i class=\"tji-assessment\"><\/i>\n  <span class=\"wpcf7-form-control-wrap\" data-name=\"message\"><textarea cols=\"40\" rows=\"10\" maxlength=\"2000\" class=\"wpcf7-form-control wpcf7-textarea wpcf7-validates-as-required message\" aria-required=\"true\" aria-invalid=\"false\" placeholder=\"Your message...\" name=\"message\"><\/textarea><\/span>\n<\/div>\n\n\n\n<div class=\"form-input\">\n  <span class=\"wpcf7-form-control-wrap\" data-name=\"acceptance-1\"><span class=\"wpcf7-form-control wpcf7-acceptance\"><span class=\"wpcf7-list-item\"><label><input type=\"checkbox\" name=\"acceptance-1\" value=\"1\" aria-invalid=\"false\" \/><span class=\"wpcf7-list-item-label\">I agree to the processing of my data in accordance with the privacy policy.<\/span><\/label><\/span><\/span><\/span>\n<\/div>\n\n<div class=\"form-submit\">\n  <button class=\"tj-primary-btn\" type=\"submit\" value=\"submit\">\n    Send Message\n  <\/button>\n<\/div><div class=\"wpcf7-response-output\" aria-hidden=\"true\"><\/div>\n<input type=\"hidden\" name=\"trp-form-language\" value=\"en\"\/><\/form>\n<\/div>\n        <div class=\"clearfix\"><\/div>\n  <\/div>\n<\/div>\n\n\t\t\t\t<\/div>\n\t\t\t\t<\/div>\n\t\t\t\t\t<\/div>\n\t\t\t\t<\/div>\n\t\t\t\t<div class=\"elementor-element elementor-element-1b21828 elementor-absolute elementor-hidden-tablet elementor-hidden-mobile elementor-widget elementor-widget-image\" data-id=\"1b21828\" data-element_type=\"widget\" data-e-type=\"widget\" data-settings=\"{&quot;_position&quot;:&quot;absolute&quot;}\" data-widget_type=\"image.default\">\n\t\t\t\t\t\t\t\t\t\t\t\t\t\t\t<img loading=\"lazy\" decoding=\"async\" width=\"654\" height=\"762\" src=\"https:\/\/revodocs.de\/wp-content\/uploads\/2025\/01\/h1-contact-shape-left.png\" class=\"attachment-full size-full wp-image-516\" alt=\"\" \/>\t\t\t\t\t\t\t\t\t\t\t\t\t\t\t<\/div>\n\t\t\t\t<div class=\"elementor-element elementor-element-5d5ed63 elementor-absolute pulse elementor-hidden-mobile elementor-widget elementor-widget-image\" data-id=\"5d5ed63\" data-element_type=\"widget\" data-e-type=\"widget\" data-settings=\"{&quot;_position&quot;:&quot;absolute&quot;}\" data-widget_type=\"image.default\">\n\t\t\t\t\t\t\t\t\t\t\t\t\t\t\t<img loading=\"lazy\" decoding=\"async\" width=\"230\" height=\"140\" src=\"https:\/\/revodocs.de\/wp-content\/uploads\/2025\/01\/h1-contact-dots.png\" class=\"attachment-full size-full wp-image-517\" alt=\"\" \/>\t\t\t\t\t\t\t\t\t\t\t\t\t\t\t<\/div>\n\t\t\t\t\t<\/div>\n\t\t\t\t<\/div>\n\t\t<div class=\"elementor-element elementor-element-b582619 e-flex e-con-boxed e-con e-parent\" data-id=\"b582619\" data-element_type=\"container\" data-e-type=\"container\">\n\t\t\t\t\t<div class=\"e-con-inner\">\n\t\t\t\t<div class=\"elementor-element elementor-element-f444b7a elementor-widget elementor-widget-tj-accordion\" data-id=\"f444b7a\" data-element_type=\"widget\" data-e-type=\"widget\" data-widget_type=\"tj-accordion.default\">\n\t\t\t\t<div class=\"elementor-widget-container\">\n\t\t\t\t\t\n  <div class=\"tj-faq-area\">\n    <div class=\"accordion tj-faq-style\" id=\"accordionExample-f444b7a\">\n              <div class=\"accordion-item\">\n          <h2 class=\"accordion-header\">\n            <!-- button -->\n            <button\n              class=\"accordion-button collapsed\"\n              data-bs-toggle=\"collapse\"\n              data-bs-target=\"#collapseOne-f444b7a-1\"\n              aria-expanded=\"false\">\n              Contact us for product inquiries            <\/button>\n          <\/h2>\n\n          <!-- content -->\n          <div id=\"collapseOne-f444b7a-1\"\n            class=\"accordion-collapse collapse\"\n            data-bs-parent=\"#accordionExample-f444b7a\">\n            <div class=\"accordion-body\">\n              <strong>If you would like to learn more about revodocs or are considering using our software at your school, please feel free to contact us at any time. We will answer your questions about features, applications, licensing models, and technical implementation. We would be happy to explain how revodocs supports everyday school life, which modules are particularly relevant to your needs, and how the implementation process could work at your institution. Our team will take the time to understand your requirements and help you gain a clear overview of all the possibilities.<\/strong>\n            <\/div>\n          <\/div>\n        <\/div>\n              <div class=\"accordion-item\">\n          <h2 class=\"accordion-header\">\n            <!-- button -->\n            <button\n              class=\"accordion-button collapsed\"\n              data-bs-toggle=\"collapse\"\n              data-bs-target=\"#collapseOne-f444b7a-2\"\n              aria-expanded=\"false\">\n              Information &amp; advice on revodocs            <\/button>\n          <\/h2>\n\n          <!-- content -->\n          <div id=\"collapseOne-f444b7a-2\"\n            class=\"accordion-collapse collapse\"\n            data-bs-parent=\"#accordionExample-f444b7a\">\n            <div class=\"accordion-body\">\n              <strong>Would you like to learn more about our software in general, or do you need additional details about specific processes? We&#039;re happy to provide you with in-depth information \u2013 whether it&#039;s about digital certificates, forms, administration, or workflows. revodocs offers numerous features that can simplify many school processes. Contact us for a personalized consultation tailored to your needs and your school type. This will allow you to quickly assess the added value revodocs can bring to your daily work.<\/strong>\n            <\/div>\n          <\/div>\n        <\/div>\n              <div class=\"accordion-item\">\n          <h2 class=\"accordion-header\">\n            <!-- button -->\n            <button\n              class=\"accordion-button collapsed\"\n              data-bs-toggle=\"collapse\"\n              data-bs-target=\"#collapseOne-f444b7a-3\"\n              aria-expanded=\"false\">\n              Technical questions &amp; problem reports            <\/button>\n          <\/h2>\n\n          <!-- content -->\n          <div id=\"collapseOne-f444b7a-3\"\n            class=\"accordion-collapse collapse\"\n            data-bs-parent=\"#accordionExample-f444b7a\">\n            <div class=\"accordion-body\">\n              <strong>Should you encounter any difficulties using our application or have technical questions, we are of course here to help. Our support team will assist you with troubleshooting, explain processes clearly, and help you resolve challenges quickly. Whether it&#039;s a technical problem, a question about operation, or an integration issue \u2013 we&#039;ll ensure you can continue working reliably.<\/strong>\n            <\/div>\n          <\/div>\n        <\/div>\n              <div class=\"accordion-item\">\n          <h2 class=\"accordion-header\">\n            <!-- button -->\n            <button\n              class=\"accordion-button collapsed\"\n              data-bs-toggle=\"collapse\"\n              data-bs-target=\"#collapseOne-f444b7a-4\"\n              aria-expanded=\"false\">\n              General inquiries &amp; additional information            <\/button>\n          <\/h2>\n\n          <!-- content -->\n          <div id=\"collapseOne-f444b7a-4\"\n            class=\"accordion-collapse collapse\"\n            data-bs-parent=\"#accordionExample-f444b7a\">\n            <div class=\"accordion-body\">\n              <strong>For general questions, feedback, or any other concerns, please feel free to contact us at any time. We welcome feedback and suggestions that help us to continuously improve revodocs.<\/strong>\n            <\/div>\n          <\/div>\n        <\/div>\n          <\/div>\n  <\/div>\n\n\n\t\t\t\t<\/div>\n\t\t\t\t<\/div>\n\t\t\t\t<div class=\"elementor-element elementor-element-8dad320 elementor-widget elementor-widget-tj-text\" data-id=\"8dad320\" data-element_type=\"widget\" data-e-type=\"widget\" data-widget_type=\"tj-text.default\">\n\t\t\t\t<div class=\"elementor-widget-container\">\n\t\t\t\t\t      <div class=\"editor_text\"><p>You can also find lots of helpful information on our website. <a href=\"https:\/\/revodocs.de\/en\/\"><strong>Homepage<\/strong><\/a> as well as on our site <a href=\"https:\/\/revodocs.de\/en\/www-revodocs-de-funktionen\/\"><strong>functions<\/strong>.<\/a><\/p><p>There you will find a comprehensive overview of the most important modules, advantages and applications.<\/p><p>If you still have further <a href=\"https:\/\/de.wikipedia.org\/wiki\/Fragen\" target=\"_blank\" rel=\"noopener\">Questions<\/a> If you have any questions, please feel free to contact us \u2013<\/p><p>We will support you quickly and easily.<\/p><\/div>\n\t\t\t\t<\/div>\n\t\t\t\t<\/div>\n\t\t\t\t\t<\/div>\n\t\t\t\t<\/div>\n\t\t\t\t<\/div>","protected":false},"excerpt":{"rendered":"<p>Kontakt Direkter Draht zu revodocs Sie haben Fragen, ben\u00f6tigen Beratung oder m\u00f6chten uns ein technisches Problem mitteilen? Wir sind gerne f\u00fcr Sie da! \u00dcber das Kontaktformular k\u00f6nnen Sie uns Ihr Anliegen unkompliziert \u00fcbermitteln \u2013 ob Anfrage, Information oder Fehlermeldung. W\u00e4hlen Sie einfach aus, worum es geht, und schildern Sie uns Ihr Anliegen. Unser Team k\u00fcmmert [&hellip;]<\/p>\n","protected":false},"author":1,"featured_media":0,"parent":0,"menu_order":0,"comment_status":"closed","ping_status":"closed","template":"elementor_header_footer","meta":{"_acf_changed":false,"footnotes":""},"class_list":["post-52","page","type-page","status-publish","hentry"],"acf":[],"jetpack_sharing_enabled":true,"_links":{"self":[{"href":"https:\/\/revodocs.de\/en\/wp-json\/wp\/v2\/pages\/52","targetHints":{"allow":["GET"]}}],"collection":[{"href":"https:\/\/revodocs.de\/en\/wp-json\/wp\/v2\/pages"}],"about":[{"href":"https:\/\/revodocs.de\/en\/wp-json\/wp\/v2\/types\/page"}],"author":[{"embeddable":true,"href":"https:\/\/revodocs.de\/en\/wp-json\/wp\/v2\/users\/1"}],"replies":[{"embeddable":true,"href":"https:\/\/revodocs.de\/en\/wp-json\/wp\/v2\/comments?post=52"}],"version-history":[{"count":6,"href":"https:\/\/revodocs.de\/en\/wp-json\/wp\/v2\/pages\/52\/revisions"}],"predecessor-version":[{"id":4931,"href":"https:\/\/revodocs.de\/en\/wp-json\/wp\/v2\/pages\/52\/revisions\/4931"}],"wp:attachment":[{"href":"https:\/\/revodocs.de\/en\/wp-json\/wp\/v2\/media?parent=52"}],"curies":[{"name":"wp","href":"https:\/\/api.w.org\/{rel}","templated":true}]}}