{"id":4619,"date":"2026-02-23T10:57:06","date_gmt":"2026-02-23T09:57:06","guid":{"rendered":"https:\/\/revodocs.de\/?page_id=4619"},"modified":"2026-04-19T16:15:20","modified_gmt":"2026-04-19T14:15:20","slug":"infos","status":"publish","type":"page","link":"https:\/\/revodocs.de\/en\/infos\/","title":{"rendered":"Information"},"content":{"rendered":"<div data-elementor-type=\"wp-page\" data-elementor-id=\"4619\" class=\"elementor elementor-4619\" data-elementor-post-type=\"page\">\n\t\t\t\t<div class=\"elementor-element elementor-element-7ffc917 e-con-full e-flex e-con e-parent\" data-id=\"7ffc917\" data-element_type=\"container\" data-e-type=\"container\" data-settings=\"{&quot;background_background&quot;:&quot;gradient&quot;}\">\n\t\t\t\t<div class=\"elementor-element elementor-element-8496ba8 elementor-widget elementor-widget-tj-hero-banner\" data-id=\"8496ba8\" data-element_type=\"widget\" data-e-type=\"widget\" data-widget_type=\"tj-hero-banner.default\">\n\t\t\t\t<div class=\"elementor-widget-container\">\n\t\t\t\t\t\n<div class=\"tj_hero_section style-5 overflow-hidden\">\n\n      <div class=\"tj-circle-box\">\n      <span class=\"circle-1\"><\/span>\n      <span class=\"circle-2\"><\/span>\n      <span class=\"circle-3\"><\/span>\n      <span class=\"circle-4\"><\/span>\n      <span class=\"circle-5\"><\/span>\n      <span class=\"circle-6\"><\/span>\n      <span class=\"circle-7\"><\/span>\n      <span class=\"circle-8\"><\/span>\n    <\/div>\n  \n  <div class=\"container\">\n    <div class=\"row\">\n      <div class=\"col\">\n        <div class=\"hero_content_wrap\">\n          <!-- title -->\n          <h1 class=\"hero_title\">Digital report card creation for schools<\/h1>\n          <!-- desc -->\n                      <div class=\"hero_desc\">\n              This page provides an overview of the different areas of application for revodocs in the field of digital certificate creation.            <\/div>\n          \n          <!-- button -->\n                      <div class=\"hero_btn\">\n              <a class=\"tj-primary-btn\" href=\"https:\/\/revodocs.de\/en\/\" target=\"_self\" rel=\"nofollow\">\n                mehr erfahren              <\/a>\n            <\/div>\n                  <\/div>\n\n        <!-- banner image -->\n              <\/div>\n    <\/div>\n  <\/div>\n<\/div>\n\n<section class=\"tj-hero-section d-none\">\n      <div class=\"tj-circle-box\">\n      <span class=\"circle-1\"><\/span>\n      <span class=\"circle-2\"><\/span>\n      <span class=\"circle-3\"><\/span>\n      <span class=\"circle-4\"><\/span>\n      <span class=\"circle-5\"><\/span>\n      <span class=\"circle-6\"><\/span>\n      <span class=\"circle-7\"><\/span>\n      <span class=\"circle-8\"><\/span>\n    <\/div>\n  \n<\/section>\t\t\t\t<\/div>\n\t\t\t\t<\/div>\n\t\t\t\t<\/div>\n\t\t<div class=\"elementor-element elementor-element-3aa2182 e-flex e-con-boxed e-con e-parent\" data-id=\"3aa2182\" data-element_type=\"container\" data-e-type=\"container\">\n\t\t\t\t\t<div class=\"e-con-inner\">\n\t\t\t\t<div class=\"elementor-element elementor-element-99905af elementor-widget elementor-widget-spacer\" data-id=\"99905af\" data-element_type=\"widget\" data-e-type=\"widget\" data-widget_type=\"spacer.default\">\n\t\t\t\t\t\t\t<div class=\"elementor-spacer\">\n\t\t\t<div class=\"elementor-spacer-inner\"><\/div>\n\t\t<\/div>\n\t\t\t\t\t\t<\/div>\n\t\t\t\t<div class=\"elementor-element elementor-element-fc21ab6 elementor-widget elementor-widget-heading\" data-id=\"fc21ab6\" data-element_type=\"widget\" data-e-type=\"widget\" data-widget_type=\"heading.default\">\n\t\t\t\t\t<h4 class=\"elementor-heading-title elementor-size-default\">Free demo \u2013 report card program for elementary schools<\/h4>\t\t\t\t<\/div>\n\t\t\t\t<div class=\"elementor-element elementor-element-c4cf0dd elementor-widget elementor-widget-text-editor\" data-id=\"c4cf0dd\" data-element_type=\"widget\" data-e-type=\"widget\" data-widget_type=\"text-editor.default\">\n\t\t\t\t\t\t\t\t\t<h6 style=\"text-align: center;\">Experience live how you can create certificates faster and without errors.<\/h6>\t\t\t\t\t\t\t\t<\/div>\n\t\t\t\t<div class=\"elementor-element elementor-element-2704089 elementor-widget elementor-widget-text-editor\" data-id=\"2704089\" data-element_type=\"widget\" data-e-type=\"widget\" data-widget_type=\"text-editor.default\">\n\t\t\t\t\t\t\t\t\t<h5 style=\"text-align: center;\"><a href=\"https:\/\/revodocs.de\/en\/demo\/\" target=\"_blank\" rel=\"noopener\"><strong>\u21d2 Go to the demo now \u21d0<\/strong><\/a><\/h5>\t\t\t\t\t\t\t\t<\/div>\n\t\t\t\t<div class=\"elementor-element elementor-element-9addf57 elementor-widget elementor-widget-spacer\" data-id=\"9addf57\" data-element_type=\"widget\" data-e-type=\"widget\" data-widget_type=\"spacer.default\">\n\t\t\t\t\t\t\t<div class=\"elementor-spacer\">\n\t\t\t<div class=\"elementor-spacer-inner\"><\/div>\n\t\t<\/div>\n\t\t\t\t\t\t<\/div>\n\t\t\t\t\t<\/div>\n\t\t\t\t<\/div>\n\t\t<div class=\"elementor-element elementor-element-a13f1cc e-flex e-con-boxed e-con e-parent\" data-id=\"a13f1cc\" data-element_type=\"container\" data-e-type=\"container\" data-settings=\"{&quot;background_background&quot;:&quot;gradient&quot;}\">\n\t\t\t\t\t<div class=\"e-con-inner\">\n\t\t\t\t<div class=\"elementor-element elementor-element-64b1673 tj_section_align elementor-align-center elementor-widget elementor-widget-tj-section-title\" data-id=\"64b1673\" data-element_type=\"widget\" data-e-type=\"widget\" data-widget_type=\"tj-section-title.default\">\n\t\t\t\t<div class=\"elementor-widget-container\">\n\t\t\t\t\t\n<div class=\"tj-sec-heading\">\n\n  \n  <h4 class=\"title\">Report card program for primary schools<\/h4><\/div>\n\n\t\t\t\t<\/div>\n\t\t\t\t<\/div>\n\t\t\t\t\t<\/div>\n\t\t\t\t<\/div>\n\t\t<div class=\"elementor-element elementor-element-9e6de51 e-flex e-con-boxed e-con e-parent\" data-id=\"9e6de51\" data-element_type=\"container\" data-e-type=\"container\" data-settings=\"{&quot;background_background&quot;:&quot;gradient&quot;}\">\n\t\t\t\t\t<div class=\"e-con-inner\">\n\t\t\t\t<div class=\"elementor-element elementor-element-69917aa elementor-widget elementor-widget-spacer\" data-id=\"69917aa\" data-element_type=\"widget\" data-e-type=\"widget\" data-widget_type=\"spacer.default\">\n\t\t\t\t\t\t\t<div class=\"elementor-spacer\">\n\t\t\t<div class=\"elementor-spacer-inner\"><\/div>\n\t\t<\/div>\n\t\t\t\t\t\t<\/div>\n\t\t\t\t<div class=\"elementor-element elementor-element-b9d50d9 elementor-widget elementor-widget-heading\" data-id=\"b9d50d9\" data-element_type=\"widget\" data-e-type=\"widget\" data-widget_type=\"heading.default\">\n\t\t\t\t\t<h4 class=\"elementor-heading-title elementor-size-default\">For school administration and IT<\/h4>\t\t\t\t<\/div>\n\t\t\t\t<div class=\"elementor-element elementor-element-8395152 elementor-widget elementor-widget-text-editor\" data-id=\"8395152\" data-element_type=\"widget\" data-e-type=\"widget\" data-widget_type=\"text-editor.default\">\n\t\t\t\t\t\t\t\t\t<ul><li><strong><a href=\"https:\/\/revodocs.de\/en\/zeugnissoftware-schulen\/\" target=\"_blank\" rel=\"noopener\">Certificate program for school administration &amp; IT<\/a><\/strong><\/li><\/ul>\t\t\t\t\t\t\t\t<\/div>\n\t\t\t\t<div class=\"elementor-element elementor-element-5b3798b elementor-widget elementor-widget-heading\" data-id=\"5b3798b\" data-element_type=\"widget\" data-e-type=\"widget\" data-widget_type=\"heading.default\">\n\t\t\t\t\t<h4 class=\"elementor-heading-title elementor-size-default\">For teachers and schools<\/h4>\t\t\t\t<\/div>\n\t\t\t\t<div class=\"elementor-element elementor-element-90a9822 elementor-widget elementor-widget-text-editor\" data-id=\"90a9822\" data-element_type=\"widget\" data-e-type=\"widget\" data-widget_type=\"text-editor.default\">\n\t\t\t\t\t\t\t\t\t<ul><li><strong><a href=\"https:\/\/revodocs.de\/en\/zeugnissoftware-grundschule\/\" target=\"_blank\" rel=\"noopener\">\u00a0Report card software for primary schools<\/a><\/strong><\/li><\/ul>\t\t\t\t\t\t\t\t<\/div>\n\t\t\t\t<div class=\"elementor-element elementor-element-48e48ca elementor-widget elementor-widget-heading\" data-id=\"48e48ca\" data-element_type=\"widget\" data-e-type=\"widget\" data-widget_type=\"heading.default\">\n\t\t\t\t\t<h4 class=\"elementor-heading-title elementor-size-default\">For teachers and schools<\/h4>\t\t\t\t<\/div>\n\t\t\t\t<div class=\"elementor-element elementor-element-44e1230 elementor-widget elementor-widget-text-editor\" data-id=\"44e1230\" data-element_type=\"widget\" data-e-type=\"widget\" data-widget_type=\"text-editor.default\">\n\t\t\t\t\t\t\t\t\t<ul><li><a href=\"https:\/\/revodocs.de\/en\/zeugnisprogramm-grundschule\/\">Report card program for primary schools<\/a><\/li><\/ul>\t\t\t\t\t\t\t\t<\/div>\n\t\t\t\t<div class=\"elementor-element elementor-element-46394b1 elementor-widget elementor-widget-heading\" data-id=\"46394b1\" data-element_type=\"widget\" data-e-type=\"widget\" data-widget_type=\"heading.default\">\n\t\t\t\t\t<h4 class=\"elementor-heading-title elementor-size-default\">Newspaper program with AI<\/h4>\t\t\t\t<\/div>\n\t\t\t\t<div class=\"elementor-element elementor-element-c51c0ab elementor-widget elementor-widget-text-editor\" data-id=\"c51c0ab\" data-element_type=\"widget\" data-e-type=\"widget\" data-widget_type=\"text-editor.default\">\n\t\t\t\t\t\t\t\t\t<ul><li><a href=\"https:\/\/revodocs.de\/en\/zeugnisprogramm-mit-ki\/\">Certificate program with AI for modern schools<\/a><\/li><\/ul>\t\t\t\t\t\t\t\t<\/div>\n\t\t\t\t<div class=\"elementor-element elementor-element-d29befe elementor-widget elementor-widget-heading\" data-id=\"d29befe\" data-element_type=\"widget\" data-e-type=\"widget\" data-widget_type=\"heading.default\">\n\t\t\t\t\t<h4 class=\"elementor-heading-title elementor-size-default\">Report card program for primary and secondary schools<\/h4>\t\t\t\t<\/div>\n\t\t\t\t<div class=\"elementor-element elementor-element-be901cb elementor-widget elementor-widget-text-editor\" data-id=\"be901cb\" data-element_type=\"widget\" data-e-type=\"widget\" data-widget_type=\"text-editor.default\">\n\t\t\t\t\t\t\t\t\t<ul><li><a href=\"https:\/\/revodocs.de\/en\/zeugnisprogramm\/\">Certificate program<\/a><\/li><\/ul>\t\t\t\t\t\t\t\t<\/div>\n\t\t\t\t<div class=\"elementor-element elementor-element-98e1cda elementor-widget elementor-widget-spacer\" data-id=\"98e1cda\" data-element_type=\"widget\" data-e-type=\"widget\" data-widget_type=\"spacer.default\">\n\t\t\t\t\t\t\t<div class=\"elementor-spacer\">\n\t\t\t<div class=\"elementor-spacer-inner\"><\/div>\n\t\t<\/div>\n\t\t\t\t\t\t<\/div>\n\t\t\t\t\t<\/div>\n\t\t\t\t<\/div>\n\t\t<div class=\"elementor-element elementor-element-91824b2 e-flex e-con-boxed e-con e-parent\" data-id=\"91824b2\" data-element_type=\"container\" data-e-type=\"container\" data-settings=\"{&quot;background_background&quot;:&quot;gradient&quot;}\">\n\t\t\t\t\t<div class=\"e-con-inner\">\n\t\t\t\t<div class=\"elementor-element elementor-element-d3eb5ed tj_section_align elementor-align-center elementor-widget elementor-widget-tj-section-title\" data-id=\"d3eb5ed\" data-element_type=\"widget\" data-e-type=\"widget\" data-widget_type=\"tj-section-title.default\">\n\t\t\t\t<div class=\"elementor-widget-container\">\n\t\t\t\t\t\n<div class=\"tj-sec-heading\">\n\n  \n  <h4 class=\"title\">Report card software for primary schools<\/h4><\/div>\n\n\t\t\t\t<\/div>\n\t\t\t\t<\/div>\n\t\t\t\t\t<\/div>\n\t\t\t\t<\/div>\n\t\t<div class=\"elementor-element elementor-element-4875298 e-flex e-con-boxed e-con e-parent\" data-id=\"4875298\" data-element_type=\"container\" data-e-type=\"container\" data-settings=\"{&quot;background_background&quot;:&quot;gradient&quot;}\">\n\t\t\t\t\t<div class=\"e-con-inner\">\n\t\t\t\t<div class=\"elementor-element elementor-element-41c8d70 elementor-widget elementor-widget-spacer\" data-id=\"41c8d70\" data-element_type=\"widget\" data-e-type=\"widget\" data-widget_type=\"spacer.default\">\n\t\t\t\t\t\t\t<div class=\"elementor-spacer\">\n\t\t\t<div class=\"elementor-spacer-inner\"><\/div>\n\t\t<\/div>\n\t\t\t\t\t\t<\/div>\n\t\t\t\t<div class=\"elementor-element elementor-element-c833b16 elementor-widget elementor-widget-heading\" data-id=\"c833b16\" data-element_type=\"widget\" data-e-type=\"widget\" data-widget_type=\"heading.default\">\n\t\t\t\t\t<h4 class=\"elementor-heading-title elementor-size-default\">For primary schools in Bavaria<\/h4>\t\t\t\t<\/div>\n\t\t\t\t<div class=\"elementor-element elementor-element-4fe9dd9 elementor-widget elementor-widget-text-editor\" data-id=\"4fe9dd9\" data-element_type=\"widget\" data-e-type=\"widget\" data-widget_type=\"text-editor.default\">\n\t\t\t\t\t\t\t\t\t<ul><li><strong><a href=\"https:\/\/revodocs.de\/en\/zeugnissoftware-grundschule-bayern\/\">Report card software for primary schools in Bavaria<\/a><\/strong><\/li><\/ul>\t\t\t\t\t\t\t\t<\/div>\n\t\t\t\t<div class=\"elementor-element elementor-element-0abe629 elementor-widget elementor-widget-heading\" data-id=\"0abe629\" data-element_type=\"widget\" data-e-type=\"widget\" data-widget_type=\"heading.default\">\n\t\t\t\t\t<h4 class=\"elementor-heading-title elementor-size-default\">For primary schools in Rhineland-Palatinate<\/h4>\t\t\t\t<\/div>\n\t\t\t\t<div class=\"elementor-element elementor-element-07946c2 elementor-widget elementor-widget-text-editor\" data-id=\"07946c2\" data-element_type=\"widget\" data-e-type=\"widget\" data-widget_type=\"text-editor.default\">\n\t\t\t\t\t\t\t\t\t<ul><li><strong><a href=\"https:\/\/revodocs.de\/en\/zeugnissoftware-grundschule-rheinland-pfalz\/\">Report card software for primary schools in Rhineland-Palatinate<\/a><\/strong><\/li><\/ul>\t\t\t\t\t\t\t\t<\/div>\n\t\t\t\t<div class=\"elementor-element elementor-element-818b663 elementor-widget elementor-widget-heading\" data-id=\"818b663\" data-element_type=\"widget\" data-e-type=\"widget\" data-widget_type=\"heading.default\">\n\t\t\t\t\t<h4 class=\"elementor-heading-title elementor-size-default\">For primary schools in Lower Saxony<\/h4>\t\t\t\t<\/div>\n\t\t\t\t<div class=\"elementor-element elementor-element-33681c0 elementor-widget elementor-widget-text-editor\" data-id=\"33681c0\" data-element_type=\"widget\" data-e-type=\"widget\" data-widget_type=\"text-editor.default\">\n\t\t\t\t\t\t\t\t\t<ul><li><strong><a href=\"https:\/\/revodocs.de\/en\/zeugnissoftware-grundschule-niedersachsen\/\">Report card software for primary schools in Lower Saxony<\/a><\/strong><\/li><\/ul>\t\t\t\t\t\t\t\t<\/div>\n\t\t\t\t<div class=\"elementor-element elementor-element-837c712 elementor-widget elementor-widget-spacer\" data-id=\"837c712\" data-element_type=\"widget\" data-e-type=\"widget\" data-widget_type=\"spacer.default\">\n\t\t\t\t\t\t\t<div class=\"elementor-spacer\">\n\t\t\t<div class=\"elementor-spacer-inner\"><\/div>\n\t\t<\/div>\n\t\t\t\t\t\t<\/div>\n\t\t\t\t<div class=\"elementor-element elementor-element-acef09f elementor-widget elementor-widget-image\" data-id=\"acef09f\" data-element_type=\"widget\" data-e-type=\"widget\" data-widget_type=\"image.default\">\n\t\t\t\t\t\t\t\t\t\t\t\t\t\t\t<img fetchpriority=\"high\" decoding=\"async\" width=\"464\" height=\"537\" src=\"https:\/\/revodocs.de\/wp-content\/uploads\/2025\/10\/Screenshot_2025-06-06_153535-removebg-preview.png\" class=\"attachment-large size-large wp-image-1798\" alt=\"revodocs - Zeugnissoftware\" \/>\t\t\t\t\t\t\t\t\t\t\t\t\t\t\t<\/div>\n\t\t\t\t<div class=\"elementor-element elementor-element-717a32b elementor-widget elementor-widget-text-editor\" data-id=\"717a32b\" data-element_type=\"widget\" data-e-type=\"widget\" data-widget_type=\"text-editor.default\">\n\t\t\t\t\t\t\t\t\t<h6><span style=\"color: #0000ff;\"><strong>As seen on Lehrer24:<\/strong><\/span><br data-start=\"892\" data-end=\"895\" \/>\u201e&quot;Rethinking report cards \u2013 how modern software truly relieves the burden on teachers&quot;\u201c<br data-start=\"973\" data-end=\"976\" \/><span style=\"color: #3366ff;\"><a style=\"color: #3366ff;\" href=\"https:\/\/www.lehrer24.net\/gastbeitraege\/zeugnisse-neu-gedacht-wie-moderne-software-lehrkraefte-wirklich-entlastet\/\" target=\"_blank\" rel=\"noopener\">\u2192 Read the article now<\/a><\/span><\/h6>\t\t\t\t\t\t\t\t<\/div>\n\t\t\t\t\t<\/div>\n\t\t\t\t<\/div>\n\t\t\t\t<\/div>","protected":false},"excerpt":{"rendered":"<p>Digitale Zeugniserstellung f\u00fcr Schulen Diese Seite bietet einen \u00dcberblick \u00fcber die unterschiedlichen Einsatzbereiche von revodocs im Bereich der digitalen Zeugniserstellung. mehr erfahren Kostenlose Demo \u2013 Zeugnisprogramm f\u00fcr Grundschulen Erleben Sie live, wie Sie Zeugnisse schneller und fehlerfrei erstellen. \u21d2 Jetzt zur Demo \u21d0 Zeugnisprogramm f\u00fcr Grundschulen F\u00fcr Schulverwaltung und IT Zeugnisprogramm f\u00fcr Schulverwaltung &amp; IT [&hellip;]<\/p>\n","protected":false},"author":1,"featured_media":0,"parent":0,"menu_order":0,"comment_status":"closed","ping_status":"closed","template":"elementor_header_footer","meta":{"_acf_changed":false,"footnotes":""},"class_list":["post-4619","page","type-page","status-publish","hentry"],"acf":[],"jetpack_sharing_enabled":true,"_links":{"self":[{"href":"https:\/\/revodocs.de\/en\/wp-json\/wp\/v2\/pages\/4619","targetHints":{"allow":["GET"]}}],"collection":[{"href":"https:\/\/revodocs.de\/en\/wp-json\/wp\/v2\/pages"}],"about":[{"href":"https:\/\/revodocs.de\/en\/wp-json\/wp\/v2\/types\/page"}],"author":[{"embeddable":true,"href":"https:\/\/revodocs.de\/en\/wp-json\/wp\/v2\/users\/1"}],"replies":[{"embeddable":true,"href":"https:\/\/revodocs.de\/en\/wp-json\/wp\/v2\/comments?post=4619"}],"version-history":[{"count":60,"href":"https:\/\/revodocs.de\/en\/wp-json\/wp\/v2\/pages\/4619\/revisions"}],"predecessor-version":[{"id":5265,"href":"https:\/\/revodocs.de\/en\/wp-json\/wp\/v2\/pages\/4619\/revisions\/5265"}],"wp:attachment":[{"href":"https:\/\/revodocs.de\/en\/wp-json\/wp\/v2\/media?parent=4619"}],"curies":[{"name":"wp","href":"https:\/\/api.w.org\/{rel}","templated":true}]}}