{"id":2326,"date":"2025-10-31T17:30:49","date_gmt":"2025-10-31T16:30:49","guid":{"rendered":"http:\/\/localhost\/revodocs\/?page_id=2326"},"modified":"2026-03-14T16:07:26","modified_gmt":"2026-03-14T15:07:26","slug":"impressum","status":"publish","type":"page","link":"https:\/\/revodocs.de\/en\/impressum\/","title":{"rendered":"imprint"},"content":{"rendered":"<div data-elementor-type=\"wp-page\" data-elementor-id=\"2326\" class=\"elementor elementor-2326\" data-elementor-post-type=\"page\">\n\t\t\t\t<div class=\"elementor-element elementor-element-9b49ba2 e-flex e-con-boxed e-con e-parent\" data-id=\"9b49ba2\" data-element_type=\"container\" data-e-type=\"container\" data-settings=\"{&quot;background_background&quot;:&quot;classic&quot;,&quot;shape_divider_top&quot;:&quot;opacity-fan&quot;}\">\n\t\t\t\t\t<div class=\"e-con-inner\">\n\t\t\t\t<div class=\"elementor-shape elementor-shape-top\" aria-hidden=\"true\" data-negative=\"false\">\n\t\t\t<svg xmlns=\"http:\/\/www.w3.org\/2000\/svg\" viewbox=\"0 0 283.5 19.6\" preserveaspectratio=\"none\">\n\t<path class=\"elementor-shape-fill\" style=\"opacity:0.33\" d=\"M0 0L0 18.8 141.8 4.1 283.5 18.8 283.5 0z\"\/>\n\t<path class=\"elementor-shape-fill\" style=\"opacity:0.33\" d=\"M0 0L0 12.6 141.8 4 283.5 12.6 283.5 0z\"\/>\n\t<path class=\"elementor-shape-fill\" style=\"opacity:0.33\" d=\"M0 0L0 6.4 141.8 4 283.5 6.4 283.5 0z\"\/>\n\t<path class=\"elementor-shape-fill\" d=\"M0 0L0 1.2 141.8 4 283.5 1.2 283.5 0z\"\/>\n<\/svg>\t\t<\/div>\n\t\t<div class=\"elementor-element elementor-element-43efaff e-flex e-con-boxed e-con e-child\" data-id=\"43efaff\" data-element_type=\"container\" data-e-type=\"container\">\n\t\t\t\t\t<div class=\"e-con-inner\">\n\t\t\t\t<div class=\"elementor-element elementor-element-c20d493 elementor-widget elementor-widget-spacer\" data-id=\"c20d493\" data-element_type=\"widget\" data-e-type=\"widget\" data-widget_type=\"spacer.default\">\n\t\t\t\t\t\t\t<div class=\"elementor-spacer\">\n\t\t\t<div class=\"elementor-spacer-inner\"><\/div>\n\t\t<\/div>\n\t\t\t\t\t\t<\/div>\n\t\t\t\t<div class=\"elementor-element elementor-element-cd2a062 elementor-widget__width-inherit elementor-widget elementor-widget-tj-heading\" data-id=\"cd2a062\" data-element_type=\"widget\" data-e-type=\"widget\" data-widget_type=\"tj-heading.default\">\n\t\t\t\t<div class=\"elementor-widget-container\">\n\t\t\t\t\t      <div class=\"tj_heading\">\n        <h2 data-delay=\"0.3\" class=\"title tj-split-text-3\">imprint<\/h2>      <\/div>\n\t\t\t\t<\/div>\n\t\t\t\t<\/div>\n\t\t\t\t<div class=\"elementor-element elementor-element-ab989f1 elementor-absolute elementor-hidden-mobile elementor-widget elementor-widget-image\" data-id=\"ab989f1\" data-element_type=\"widget\" data-e-type=\"widget\" data-settings=\"{&quot;_position&quot;:&quot;absolute&quot;}\" data-widget_type=\"image.default\">\n\t\t\t\t\t\t\t\t\t\t\t\t\t\t\t<img fetchpriority=\"high\" decoding=\"async\" width=\"602\" height=\"781\" src=\"https:\/\/revodocs.de\/wp-content\/uploads\/2025\/01\/h1-price-shape-left.png\" class=\"attachment-full size-full wp-image-399\" alt=\"Zeugnisprogramm f\u00fcr Grundschulen\" \/>\t\t\t\t\t\t\t\t\t\t\t\t\t\t\t<\/div>\n\t\t\t\t<div class=\"elementor-element elementor-element-2e74c85 elementor-widget elementor-widget-heading\" data-id=\"2e74c85\" data-element_type=\"widget\" data-e-type=\"widget\" data-widget_type=\"heading.default\">\n\t\t\t\t\t<h5 class=\"elementor-heading-title elementor-size-default\">1. Information according to \u00a7 5 TMG Company:<\/h5>\t\t\t\t<\/div>\n\t\t\t\t<div class=\"elementor-element elementor-element-64e7edd elementor-widget__width-initial elementor-widget elementor-widget-tj-text\" data-id=\"64e7edd\" data-element_type=\"widget\" data-e-type=\"widget\" data-widget_type=\"tj-text.default\">\n\t\t\t\t<div class=\"elementor-widget-container\">\n\t\t\t\t\t      <div class=\"editor_text wow fadeInUp\" data-wow-delay=\"0.5s\"><p>revobytes UG (limited liability)<\/p><p>Provider of the product \u201erevodocs\u201c<br \/><strong>Registered office of the company:<\/strong><br \/>Welserstra\u00dfe 3<\/p><p>87463 Dietmannsried<\/p><p><strong>Represented by:<\/strong>\u00a0 Diane Schreppler, Managing Director<\/p><\/div>\n\t\t\t\t<\/div>\n\t\t\t\t<\/div>\n\t\t\t\t<div class=\"elementor-element elementor-element-7611af2 elementor-widget elementor-widget-heading\" data-id=\"7611af2\" data-element_type=\"widget\" data-e-type=\"widget\" data-widget_type=\"heading.default\">\n\t\t\t\t\t<h5 class=\"elementor-heading-title elementor-size-default\">Contact:<\/h5>\t\t\t\t<\/div>\n\t\t\t\t<div class=\"elementor-element elementor-element-585d7bb elementor-widget__width-initial elementor-widget elementor-widget-tj-text\" data-id=\"585d7bb\" data-element_type=\"widget\" data-e-type=\"widget\" data-widget_type=\"tj-text.default\">\n\t\t\t\t<div class=\"elementor-widget-container\">\n\t\t\t\t\t      <div class=\"editor_text wow fadeInUp\" data-wow-delay=\"0.5s\"><p>Email: info@revodocs.de<br \/>Website: www.revodocs.de<\/p><\/div>\n\t\t\t\t<\/div>\n\t\t\t\t<\/div>\n\t\t\t\t<div class=\"elementor-element elementor-element-9bee964 elementor-widget elementor-widget-heading\" data-id=\"9bee964\" data-element_type=\"widget\" data-e-type=\"widget\" data-widget_type=\"heading.default\">\n\t\t\t\t\t<h5 class=\"elementor-heading-title elementor-size-default\">Commercial Register:<\/h5>\t\t\t\t<\/div>\n\t\t\t\t<div class=\"elementor-element elementor-element-ea4984b elementor-widget__width-initial elementor-widget elementor-widget-tj-text\" data-id=\"ea4984b\" data-element_type=\"widget\" data-e-type=\"widget\" data-widget_type=\"tj-text.default\">\n\t\t\t\t<div class=\"elementor-widget-container\">\n\t\t\t\t\t      <div class=\"editor_text wow fadeInUp\" data-wow-delay=\"0.5s\"><p>Registered in the commercial register.<\/p><p><strong>Registry Court:<\/strong> Kempten District Court (Allg\u00e4u)<br \/>Registration number: HRB 18544<\/p><\/div>\n\t\t\t\t<\/div>\n\t\t\t\t<\/div>\n\t\t\t\t<div class=\"elementor-element elementor-element-3ba81d5 elementor-widget elementor-widget-heading\" data-id=\"3ba81d5\" data-element_type=\"widget\" data-e-type=\"widget\" data-widget_type=\"heading.default\">\n\t\t\t\t\t<h5 class=\"elementor-heading-title elementor-size-default\">VAT ID:<\/h5>\t\t\t\t<\/div>\n\t\t\t\t<div class=\"elementor-element elementor-element-36df0b1 elementor-widget__width-initial elementor-widget elementor-widget-tj-text\" data-id=\"36df0b1\" data-element_type=\"widget\" data-e-type=\"widget\" data-widget_type=\"tj-text.default\">\n\t\t\t\t<div class=\"elementor-widget-container\">\n\t\t\t\t\t      <div class=\"editor_text wow fadeInUp\" data-wow-delay=\"0.5s\"><p>according to \u00a7 27a UStG: <strong>DE458500335<\/strong><\/p><\/div>\n\t\t\t\t<\/div>\n\t\t\t\t<\/div>\n\t\t\t\t\t<\/div>\n\t\t\t\t<\/div>\n\t\t\t\t\t<\/div>\n\t\t\t\t<\/div>\n\t\t<div class=\"elementor-element elementor-element-546a03e e-flex e-con-boxed e-con e-parent\" data-id=\"546a03e\" data-element_type=\"container\" data-e-type=\"container\" data-settings=\"{&quot;background_background&quot;:&quot;classic&quot;}\">\n\t\t\t\t\t<div class=\"e-con-inner\">\n\t\t\t\t<div class=\"elementor-element elementor-element-59dda77 elementor-absolute elementor-hidden-mobile elementor-widget elementor-widget-image\" data-id=\"59dda77\" data-element_type=\"widget\" data-e-type=\"widget\" data-settings=\"{&quot;_position&quot;:&quot;absolute&quot;}\" data-widget_type=\"image.default\">\n\t\t\t\t\t\t\t\t\t\t\t\t\t\t\t<img decoding=\"async\" width=\"640\" height=\"979\" src=\"https:\/\/revodocs.de\/wp-content\/uploads\/2025\/01\/h2-choose-shape.png\" class=\"attachment-full size-full wp-image-697\" alt=\"Digitale Zeugniserstellung f\u00fcr Schulverwaltung und IT\" \/>\t\t\t\t\t\t\t\t\t\t\t\t\t\t\t<\/div>\n\t\t<div class=\"elementor-element elementor-element-30edf9f e-flex e-con-boxed e-con e-child\" data-id=\"30edf9f\" data-element_type=\"container\" data-e-type=\"container\">\n\t\t\t\t\t<div class=\"e-con-inner\">\n\t\t\t\t<div class=\"elementor-element elementor-element-3d9d1cf tj_section_align elementor-align-left elementor-widget elementor-widget-tj-section-title\" data-id=\"3d9d1cf\" data-element_type=\"widget\" data-e-type=\"widget\" data-widget_type=\"tj-section-title.default\">\n\t\t\t\t<div class=\"elementor-widget-container\">\n\t\t\t\t\t\n<div class=\"tj-sec-heading\">\n\n  \n  <h5 data-delay=\"0.3\" class=\"title tj-line-reveal\">Responsible for the content according to \u00a7 18 para. 2 MStV<\/h5><\/div>\n\n\t\t\t\t<\/div>\n\t\t\t\t<\/div>\n\t\t\t\t<div class=\"elementor-element elementor-element-657982d elementor-widget elementor-widget-tj-text\" data-id=\"657982d\" data-element_type=\"widget\" data-e-type=\"widget\" data-widget_type=\"tj-text.default\">\n\t\t\t\t<div class=\"elementor-widget-container\">\n\t\t\t\t\t      <div class=\"editor_text wow fadeInUp\" data-wow-delay=\"0.5s\"><p>Diane Schreppler<\/p><p>Welserstra\u00dfe 3,<\/p><p>87463 Dietmannsried<\/p><\/div>\n\t\t\t\t<\/div>\n\t\t\t\t<\/div>\n\t\t\t\t<div class=\"elementor-element elementor-element-c6ec101 tj_section_align elementor-align-left elementor-widget elementor-widget-tj-section-title\" data-id=\"c6ec101\" data-element_type=\"widget\" data-e-type=\"widget\" data-widget_type=\"tj-section-title.default\">\n\t\t\t\t<div class=\"elementor-widget-container\">\n\t\t\t\t\t\n<div class=\"tj-sec-heading\">\n\n  \n  <h5 data-delay=\"0.3\" class=\"title tj-line-reveal\">Disclaimer<\/h5><\/div>\n\n\t\t\t\t<\/div>\n\t\t\t\t<\/div>\n\t\t\t\t<div class=\"elementor-element elementor-element-606629f elementor-widget elementor-widget-tj-text\" data-id=\"606629f\" data-element_type=\"widget\" data-e-type=\"widget\" data-widget_type=\"tj-text.default\">\n\t\t\t\t<div class=\"elementor-widget-container\">\n\t\t\t\t\t      <div class=\"editor_text wow fadeInUp\" data-wow-delay=\"0.5s\"><p>Despite careful content review, we assume no liability.<br \/>for the content of external links.<br \/>The operators of the linked pages are solely responsible for their content.<\/p><\/div>\n\t\t\t\t<\/div>\n\t\t\t\t<\/div>\n\t\t\t\t<div class=\"elementor-element elementor-element-93a8184 tj_section_align elementor-align-left elementor-widget elementor-widget-tj-section-title\" data-id=\"93a8184\" data-element_type=\"widget\" data-e-type=\"widget\" data-widget_type=\"tj-section-title.default\">\n\t\t\t\t<div class=\"elementor-widget-container\">\n\t\t\t\t\t\n<div class=\"tj-sec-heading\">\n\n  \n  <h5 data-delay=\"0.3\" class=\"title tj-line-reveal\">copyright<\/h5><\/div>\n\n\t\t\t\t<\/div>\n\t\t\t\t<\/div>\n\t\t\t\t<div class=\"elementor-element elementor-element-a1922a3 elementor-widget elementor-widget-tj-text\" data-id=\"a1922a3\" data-element_type=\"widget\" data-e-type=\"widget\" data-widget_type=\"tj-text.default\">\n\t\t\t\t<div class=\"elementor-widget-container\">\n\t\t\t\t\t      <div class=\"editor_text wow fadeInUp\" data-wow-delay=\"0.5s\"><p>The content and works created by the site operators on these pages<br \/>are subject to German copyright law.<br \/>Third-party contributions are marked as such.<br \/>The reproduction, modification, distribution and any kind of exploitation<br \/>Use outside the scope of copyright law requires written consent.<br \/>of the respective author or creator.<br \/>Downloads and copies of this page are for private use only.,<br \/>Non-commercial use permitted.<\/p><\/div>\n\t\t\t\t<\/div>\n\t\t\t\t<\/div>\n\t\t\t\t<div class=\"elementor-element elementor-element-d912ce5 tj_section_align elementor-align-left elementor-widget elementor-widget-tj-section-title\" data-id=\"d912ce5\" data-element_type=\"widget\" data-e-type=\"widget\" data-widget_type=\"tj-section-title.default\">\n\t\t\t\t<div class=\"elementor-widget-container\">\n\t\t\t\t\t\n<div class=\"tj-sec-heading\">\n\n  \n  <h5 data-delay=\"0.3\" class=\"title tj-line-reveal\">Online dispute resolution pursuant to Article 14(1) of the ODR Regulation and Section 36 of the German Consumer Dispute Resolution Act (VSBG).<\/h5><\/div>\n\n\t\t\t\t<\/div>\n\t\t\t\t<\/div>\n\t\t\t\t<div class=\"elementor-element elementor-element-e372730 elementor-widget elementor-widget-tj-text\" data-id=\"e372730\" data-element_type=\"widget\" data-e-type=\"widget\" data-widget_type=\"tj-text.default\">\n\t\t\t\t<div class=\"elementor-widget-container\">\n\t\t\t\t\t      <div class=\"editor_text wow fadeInUp\" data-wow-delay=\"0.5s\"><p>The European Commission provides a platform for online dispute resolution (ODR):<br \/><a class=\"decorated-link cursor-pointer\" target=\"_new\" rel=\"noopener\">https:\/\/ec.europa.eu\/consumers\/odr<\/a><\/p><p>We are neither obligated nor willing to,<br \/>to participate in a dispute resolution procedure before a consumer arbitration board.<\/p><\/div>\n\t\t\t\t<\/div>\n\t\t\t\t<\/div>\n\t\t\t\t<div class=\"elementor-element elementor-element-bacee25 tj_section_align elementor-align-left elementor-widget elementor-widget-tj-section-title\" data-id=\"bacee25\" data-element_type=\"widget\" data-e-type=\"widget\" data-widget_type=\"tj-section-title.default\">\n\t\t\t\t<div class=\"elementor-widget-container\">\n\t\t\t\t\t\n<div class=\"tj-sec-heading\">\n\n  \n  <h5 data-delay=\"0.3\" class=\"title tj-line-reveal\">Responsible body for data protection<\/h5><\/div>\n\n\t\t\t\t<\/div>\n\t\t\t\t<\/div>\n\t\t\t\t<div class=\"elementor-element elementor-element-8340841 elementor-widget elementor-widget-tj-text\" data-id=\"8340841\" data-element_type=\"widget\" data-e-type=\"widget\" data-widget_type=\"tj-text.default\">\n\t\t\t\t<div class=\"elementor-widget-container\">\n\t\t\t\t\t      <div class=\"editor_text wow fadeInUp\" data-wow-delay=\"0.5s\"><p>revobytes UG (limited liability)<br \/>Welserstra\u00dfe 3,<\/p><p>87463 Dietmannsried<br \/>E-mail: <a class=\"decorated-link cursor-pointer\" rel=\"noopener\">info@revodocs.de<\/a><\/p><\/div>\n\t\t\t\t<\/div>\n\t\t\t\t<\/div>\n\t\t\t\t\t<\/div>\n\t\t\t\t<\/div>\n\t\t\t\t\t<\/div>\n\t\t\t\t<\/div>\n\t\t\t\t<\/div>","protected":false},"excerpt":{"rendered":"<p>Impressum 1. Angaben gem\u00e4\u00df \u00a7 5 TMG Firma: revobytes UG (haftungsbeschr\u00e4nkt) Anbieter des Produkts \u201erevodocs\u201cSitz der Gesellschaft:Welserstra\u00dfe 3 87463 Dietmannsried Vertreten durch:\u00a0 Diane Schreppler, Gesch\u00e4ftsf\u00fchrerin Kontakt: E- Mail:\u00a0 \u00a0info@revodocs.deWebsite: www.revodocs.de Handelsregister: Eingetragen im Handelsregister. Registergericht: Amtsgericht Kempten (Allg\u00e4u)Registernummer: HRB 18544 Umsatzsteuer-ID: gem\u00e4\u00df \u00a7 27a UStG: DE458500335 Verantwortlich f\u00fcr den Inhalt nach \u00a7 18 Abs. 2 [&hellip;]<\/p>\n","protected":false},"author":1,"featured_media":0,"parent":0,"menu_order":0,"comment_status":"closed","ping_status":"closed","template":"elementor_header_footer","meta":{"_acf_changed":false,"footnotes":""},"class_list":["post-2326","page","type-page","status-publish","hentry"],"acf":[],"jetpack_sharing_enabled":true,"_links":{"self":[{"href":"https:\/\/revodocs.de\/en\/wp-json\/wp\/v2\/pages\/2326","targetHints":{"allow":["GET"]}}],"collection":[{"href":"https:\/\/revodocs.de\/en\/wp-json\/wp\/v2\/pages"}],"about":[{"href":"https:\/\/revodocs.de\/en\/wp-json\/wp\/v2\/types\/page"}],"author":[{"embeddable":true,"href":"https:\/\/revodocs.de\/en\/wp-json\/wp\/v2\/users\/1"}],"replies":[{"embeddable":true,"href":"https:\/\/revodocs.de\/en\/wp-json\/wp\/v2\/comments?post=2326"}],"version-history":[{"count":3,"href":"https:\/\/revodocs.de\/en\/wp-json\/wp\/v2\/pages\/2326\/revisions"}],"predecessor-version":[{"id":5049,"href":"https:\/\/revodocs.de\/en\/wp-json\/wp\/v2\/pages\/2326\/revisions\/5049"}],"wp:attachment":[{"href":"https:\/\/revodocs.de\/en\/wp-json\/wp\/v2\/media?parent=2326"}],"curies":[{"name":"wp","href":"https:\/\/api.w.org\/{rel}","templated":true}]}}